{"id":3686,"date":"2022-07-20T09:57:29","date_gmt":"2022-07-20T09:57:29","guid":{"rendered":"https:\/\/ebikedoki.hu\/?page_id=3686"},"modified":"2022-07-20T11:06:20","modified_gmt":"2022-07-20T11:06:20","slug":"impresszum","status":"publish","type":"page","link":"https:\/\/ebikedoki.hu\/en\/impresszum\/","title":{"rendered":"Site notice"},"content":{"rendered":"<p>[et_pb_section fb_built=&#8221;1&#8243; theme_builder_area=&#8221;post_content&#8221; _builder_version=&#8221;4.17.6&#8243; _module_preset=&#8221;default&#8221;][et_pb_row _builder_version=&#8221;4.17.6&#8243; _module_preset=&#8221;default&#8221; theme_builder_area=&#8221;post_content&#8221;][et_pb_column _builder_version=&#8221;4.17.6&#8243; _module_preset=&#8221;default&#8221; type=&#8221;4_4&#8243; theme_builder_area=&#8221;post_content&#8221;][et_pb_text _builder_version=&#8221;4.17.6&#8243; _module_preset=&#8221;default&#8221; theme_builder_area=&#8221;post_content&#8221; hover_enabled=&#8221;0&#8243; sticky_enabled=&#8221;0&#8243;]<\/p>\n<p>C\u00e9gn\u00e9v: <span>E-Bikepont Kft.<\/span><\/p>\n<p>C\u00edm: <span>8220 Balatonalm\u00e1di, Arany J\u00e1nos utca 10. 1.em. 4.<\/span><\/p>\n<p>Telefon: +36 30-977-07-02<\/p>\n<p>E-mail: ebikepont@gmail.com<\/p>\n<p>Internet: ebikeszerviz.com<\/p>\n<p>A c\u00e9get bejegyz\u0151 hat\u00f3s\u00e1g: F\u0151v\u00e1rosi T\u00f6rv\u00e9nysz\u00e9k<\/p>\n<p>C\u00e9gjegyz\u00e9ksz\u00e1m: <span>19-09-522800<\/span><\/p>\n<p>Ad\u00f3sz\u00e1m: <span>27752580-2-19<\/span><\/p>\n<p>T\u00e1rhelyszolg\u00e1ltat\u00f3: <span>Rackhost Zrt.<\/span> (<span>6722 Szeged, Tisza Lajos k\u00f6r\u00fat 41<\/span>., <a href=\"mailto:info@rackhost.hu\" data-trid=\"138\">info@rackhost.hu<\/a>)<\/p>\n<p>[\/et_pb_text][\/et_pb_column][\/et_pb_row][\/et_pb_section]<\/p>\n","protected":false},"excerpt":{"rendered":"<p>C\u00e9gn\u00e9v: E-Bikepont Kft. C\u00edm: 8220 Balatonalm\u00e1di, Arany J\u00e1nos utca 10. 1.em. 4. Telefon: +36 30-977-07-02 E-mail: ebikepont@gmail.com Internet: ebikeszerviz.com A c\u00e9get bejegyz\u0151 hat\u00f3s\u00e1g: F\u0151v\u00e1rosi T\u00f6rv\u00e9nysz\u00e9k C\u00e9gjegyz\u00e9ksz\u00e1m: 19-09-522800 Ad\u00f3sz\u00e1m: 27752580-2-19 T\u00e1rhelyszolg\u00e1ltat\u00f3: Rackhost Zrt. (6722 Szeged, Tisza Lajos k\u00f6r\u00fat 41., info@rackhost.hu)<\/p>","protected":false},"author":6,"featured_media":0,"parent":0,"menu_order":0,"comment_status":"closed","ping_status":"closed","template":"","meta":{"_et_pb_use_builder":"on","_et_pb_old_content":"","_et_gb_content_width":"","inline_featured_image":false,"footnotes":""},"class_list":["post-3686","page","type-page","status-publish","hentry"],"yoast_head":"<!-- This site is optimized with the Yoast SEO Premium plugin v25.3.1 (Yoast SEO v27.5) - https:\/\/yoast.com\/product\/yoast-seo-premium-wordpress\/ -->\n<title>Impresszum - E-bikepont<\/title>\n<meta name=\"description\" content=\"Impresszum\" \/>\n<meta name=\"robots\" content=\"index, follow, max-snippet:-1, max-image-preview:large, max-video-preview:-1\" \/>\n<link rel=\"canonical\" href=\"https:\/\/ebikedoki.hu\/en\/impresszum\/\" \/>\n<meta property=\"og:locale\" content=\"en_US\" \/>\n<meta property=\"og:type\" content=\"article\" \/>\n<meta property=\"og:title\" content=\"Impresszum\" \/>\n<meta property=\"og:description\" content=\"Impresszum\" \/>\n<meta property=\"og:url\" content=\"https:\/\/ebikedoki.hu\/en\/impresszum\/\" \/>\n<meta property=\"og:site_name\" content=\"E-bikepont\" \/>\n<meta property=\"article:publisher\" content=\"https:\/\/www.facebook.com\/ebikepont\" \/>\n<meta property=\"article:modified_time\" content=\"2022-07-20T11:06:20+00:00\" \/>\n<meta name=\"twitter:card\" content=\"summary_large_image\" \/>\n<meta name=\"twitter:label1\" content=\"Est. reading time\" \/>\n\t<meta name=\"twitter:data1\" content=\"1 minute\" \/>\n<script type=\"application\/ld+json\" class=\"yoast-schema-graph\">{\"@context\":\"https:\\\/\\\/schema.org\",\"@graph\":[{\"@type\":\"WebPage\",\"@id\":\"https:\\\/\\\/ebikedoki.hu\\\/impresszum\\\/\",\"url\":\"https:\\\/\\\/ebikedoki.hu\\\/impresszum\\\/\",\"name\":\"Impresszum - E-bikepont\",\"isPartOf\":{\"@id\":\"https:\\\/\\\/ebikedoki.hu\\\/#website\"},\"datePublished\":\"2022-07-20T09:57:29+00:00\",\"dateModified\":\"2022-07-20T11:06:20+00:00\",\"description\":\"Impresszum\",\"breadcrumb\":{\"@id\":\"https:\\\/\\\/ebikedoki.hu\\\/impresszum\\\/#breadcrumb\"},\"inLanguage\":\"en-US\",\"potentialAction\":[{\"@type\":\"ReadAction\",\"target\":[\"https:\\\/\\\/ebikedoki.hu\\\/impresszum\\\/\"]}]},{\"@type\":\"BreadcrumbList\",\"@id\":\"https:\\\/\\\/ebikedoki.hu\\\/impresszum\\\/#breadcrumb\",\"itemListElement\":[{\"@type\":\"ListItem\",\"position\":1,\"name\":\"Home\",\"item\":\"https:\\\/\\\/ebikedoki.hu\\\/\"},{\"@type\":\"ListItem\",\"position\":2,\"name\":\"Impresszum\"}]},{\"@type\":\"WebSite\",\"@id\":\"https:\\\/\\\/ebikedoki.hu\\\/#website\",\"url\":\"https:\\\/\\\/ebikedoki.hu\\\/\",\"name\":\"E-bikepont\",\"description\":\"Balatonalm\u00e1di hagyom\u00e1nyos \u00e9s ebike szerv\u00edz\",\"publisher\":{\"@id\":\"https:\\\/\\\/ebikedoki.hu\\\/#organization\"},\"potentialAction\":[{\"@type\":\"SearchAction\",\"target\":{\"@type\":\"EntryPoint\",\"urlTemplate\":\"https:\\\/\\\/ebikedoki.hu\\\/?s={search_term_string}\"},\"query-input\":{\"@type\":\"PropertyValueSpecification\",\"valueRequired\":true,\"valueName\":\"search_term_string\"}}],\"inLanguage\":\"en-US\"},{\"@type\":\"Organization\",\"@id\":\"https:\\\/\\\/ebikedoki.hu\\\/#organization\",\"name\":\"Ebikepont\",\"url\":\"https:\\\/\\\/ebikedoki.hu\\\/\",\"logo\":{\"@type\":\"ImageObject\",\"inLanguage\":\"en-US\",\"@id\":\"https:\\\/\\\/ebikedoki.hu\\\/#\\\/schema\\\/logo\\\/image\\\/\",\"url\":\"https:\\\/\\\/ebikedoki.hu\\\/wp-content\\\/uploads\\\/2022\\\/06\\\/logo05.png\",\"contentUrl\":\"https:\\\/\\\/ebikedoki.hu\\\/wp-content\\\/uploads\\\/2022\\\/06\\\/logo05.png\",\"width\":2912,\"height\":610,\"caption\":\"Ebikepont\"},\"image\":{\"@id\":\"https:\\\/\\\/ebikedoki.hu\\\/#\\\/schema\\\/logo\\\/image\\\/\"},\"sameAs\":[\"https:\\\/\\\/www.facebook.com\\\/ebikepont\"]}]}<\/script>\n<!-- \/ Yoast SEO Premium plugin. -->","yoast_head_json":{"title":"Impresszum - E-bikepont","description":"Site notice","robots":{"index":"index","follow":"follow","max-snippet":"max-snippet:-1","max-image-preview":"max-image-preview:large","max-video-preview":"max-video-preview:-1"},"canonical":"https:\/\/ebikedoki.hu\/en\/impresszum\/","og_locale":"en_US","og_type":"article","og_title":"Impresszum","og_description":"Impresszum","og_url":"https:\/\/ebikedoki.hu\/en\/impresszum\/","og_site_name":"E-bikepont","article_publisher":"https:\/\/www.facebook.com\/ebikepont","article_modified_time":"2022-07-20T11:06:20+00:00","twitter_card":"summary_large_image","twitter_misc":{"Est. reading time":"1 minute"},"schema":{"@context":"https:\/\/schema.org","@graph":[{"@type":"WebPage","@id":"https:\/\/ebikedoki.hu\/impresszum\/","url":"https:\/\/ebikedoki.hu\/impresszum\/","name":"Impresszum - E-bikepont","isPartOf":{"@id":"https:\/\/ebikedoki.hu\/#website"},"datePublished":"2022-07-20T09:57:29+00:00","dateModified":"2022-07-20T11:06:20+00:00","description":"Site notice","breadcrumb":{"@id":"https:\/\/ebikedoki.hu\/impresszum\/#breadcrumb"},"inLanguage":"en-US","potentialAction":[{"@type":"ReadAction","target":["https:\/\/ebikedoki.hu\/impresszum\/"]}]},{"@type":"BreadcrumbList","@id":"https:\/\/ebikedoki.hu\/impresszum\/#breadcrumb","itemListElement":[{"@type":"ListItem","position":1,"name":"Home","item":"https:\/\/ebikedoki.hu\/"},{"@type":"ListItem","position":2,"name":"Impresszum"}]},{"@type":"WebSite","@id":"https:\/\/ebikedoki.hu\/#website","url":"https:\/\/ebikedoki.hu\/","name":"E-bikepont","description":"Balatonalm\u00e1di hagyom\u00e1nyos \u00e9s ebike szerv\u00edz","publisher":{"@id":"https:\/\/ebikedoki.hu\/#organization"},"potentialAction":[{"@type":"SearchAction","target":{"@type":"EntryPoint","urlTemplate":"https:\/\/ebikedoki.hu\/?s={search_term_string}"},"query-input":{"@type":"PropertyValueSpecification","valueRequired":true,"valueName":"search_term_string"}}],"inLanguage":"en-US"},{"@type":"Organization","@id":"https:\/\/ebikedoki.hu\/#organization","name":"Ebikepont","url":"https:\/\/ebikedoki.hu\/","logo":{"@type":"ImageObject","inLanguage":"en-US","@id":"https:\/\/ebikedoki.hu\/#\/schema\/logo\/image\/","url":"https:\/\/ebikedoki.hu\/wp-content\/uploads\/2022\/06\/logo05.png","contentUrl":"https:\/\/ebikedoki.hu\/wp-content\/uploads\/2022\/06\/logo05.png","width":2912,"height":610,"caption":"Ebikepont"},"image":{"@id":"https:\/\/ebikedoki.hu\/#\/schema\/logo\/image\/"},"sameAs":["https:\/\/www.facebook.com\/ebikepont"]}]}},"_links":{"self":[{"href":"https:\/\/ebikedoki.hu\/en\/wp-json\/wp\/v2\/pages\/3686","targetHints":{"allow":["GET"]}}],"collection":[{"href":"https:\/\/ebikedoki.hu\/en\/wp-json\/wp\/v2\/pages"}],"about":[{"href":"https:\/\/ebikedoki.hu\/en\/wp-json\/wp\/v2\/types\/page"}],"author":[{"embeddable":true,"href":"https:\/\/ebikedoki.hu\/en\/wp-json\/wp\/v2\/users\/6"}],"replies":[{"embeddable":true,"href":"https:\/\/ebikedoki.hu\/en\/wp-json\/wp\/v2\/comments?post=3686"}],"version-history":[{"count":0,"href":"https:\/\/ebikedoki.hu\/en\/wp-json\/wp\/v2\/pages\/3686\/revisions"}],"wp:attachment":[{"href":"https:\/\/ebikedoki.hu\/en\/wp-json\/wp\/v2\/media?parent=3686"}],"curies":[{"name":"wp","href":"https:\/\/api.w.org\/{rel}","templated":true}]}}