{"id":3058,"date":"2021-09-07T06:48:04","date_gmt":"2021-09-07T06:48:04","guid":{"rendered":"https:\/\/ebikedoki.hu\/?page_id=3058"},"modified":"2022-07-20T11:38:21","modified_gmt":"2022-07-20T11:38:21","slug":"adatkezelesi-szabalyzat","status":"publish","type":"page","link":"https:\/\/ebikedoki.hu\/en\/adatkezelesi-szabalyzat\/","title":{"rendered":"Privacy Policy"},"content":{"rendered":"<p>[et_pb_section fb_built=&#8221;1&#8243; _builder_version=&#8221;4.16&#8243; _module_preset=&#8221;default&#8221; global_colors_info=&#8221;{}&#8221;][et_pb_row _builder_version=&#8221;4.16&#8243; _module_preset=&#8221;default&#8221; global_colors_info=&#8221;{}&#8221;][et_pb_column type=&#8221;4_4&#8243; _builder_version=&#8221;4.16&#8243; _module_preset=&#8221;default&#8221; global_colors_info=&#8221;{}&#8221;][et_pb_text _builder_version=&#8221;4.17.5&#8243; _module_preset=&#8221;default&#8221; global_colors_info=&#8221;{}&#8221;]<\/p>\n<h1>Adatkezel\u00e9si szab\u00e1lyzat<\/h1>\n<h6>\u00c9rv\u00e9nyes: 2022.07.20-t\u0151l visszavon\u00e1sig<\/h6>\n<p>mely a <span>E-Bikepont Kft.<\/span> (<span>Sz\u00e9khely: 8220 Balatonalm\u00e1di, Arany J\u00e1nos utca 10. 1.em. 4.<\/span>, <span>C\u00e9gjegyz\u00e9ksz\u00e1m: 19-09-522800<\/span>, <span>Ad\u00f3sz\u00e1m: 27752580-2-19)<\/span> k\u00e9pviselet\u00e9ben elj\u00e1r T\u00f3th G\u00e1bor, c\u00e9gvezet\u0151, a tov\u00e1bbiakban Adatkezel\u0151) adatkezel\u00e9ssel kapcsolatos szab\u00e1lyoz\u00e1sait tartalmazza, \u00f6sszhangban az <a href=\"https:\/\/eur-lex.europa.eu\/legal-content\/HU\/TXT\/HTML\/?uri=CELEX:32016R0679\" target=\"_blank\" rel=\"noopener\">Eur\u00f3pai Uni\u00f3 \u00e1ltal\u00e1nos adatv\u00e9delmi rendelet\u00e9vel<\/a>.<\/p>\n<ol>\n<li>Adatkezel\u0151 a szerz\u0151d\u00e9ses viszonyaiban r\u00f6gz\u00edtett tev\u00e9kenys\u00e9ge alapj\u00e1n rendszeresen keletkez\u0151 szem\u00e9lyes adatok tekintet\u00e9ben adatokat kezel. Az adatkezel\u00e9sre az al\u00e1bbi esetekben ker\u00fcl sor:\n<ol>\n<li>az \u00e9rintett szem\u00e9ly kifejezett hozz\u00e1j\u00e1rul\u00e1sa alapj\u00e1n<\/li>\n<li>az Adatkezel\u0151 jogos \u00e9rdek\u00e9b\u0151l k\u00f6vetkez\u0151en, mely alatt Adatkezel\u0151 szerz\u0151d\u00e9ses k\u00f6telezetts\u00e9geinek teljes\u00edt\u00e9s\u00e9hez sz\u00fcks\u00e9ges m\u00e9rt\u00e9k\u0171 adatkezel\u00e9st kell \u00e9rteni<\/li>\n<li>jogszab\u00e1lyban meghat\u00e1rozott, az Adatkezel\u0151re r\u00f3tt k\u00f6telezetts\u00e9g teljes\u00edt\u00e9se v\u00e9gett.<\/li>\n<\/ol>\n<\/li>\n<li>Az Adatkezel\u0151 \u00e1ltal kezelt szem\u00e9lyes adatok k\u00f6re:\n<ol>\n<li>szem\u00e9lyn\u00e9v,<\/li>\n<li>telefonsz\u00e1m,<\/li>\n<li>az internetprotokoll-c\u00edm<\/li>\n<li>az elektronikus levelez\u00e9si c\u00edm<\/li>\n<\/ol>\n<\/li>\n<li>Adatkezel\u0151 az adatok kezel\u00e9s\u00e9nek fel\u00fcgyelet\u00e9re kijel\u00f6lt Adatv\u00e9delmi Tisztvisel\u0151je T\u00f3th G\u00e1bor c\u00e9gvezet\u0151, elektronikus levelez\u00e9si el\u00e9rhet\u0151s\u00e9ge <a href=\"mailto:ebikepont@gmail.com\">ebikepont@gmail.com<\/a> .<\/li>\n<li>Adatkezel\u0151 a kezelt adatokat m\u00e1s v\u00e1llalkoz\u00e1sok sz\u00e1m\u00e1ra sem az Eur\u00f3pai Uni\u00f3n bel\u00fcl, sem harmadik orsz\u00e1g r\u00e9sz\u00e9re nem tov\u00e1bb\u00edtja.<\/li>\n<li>Adatkezel\u0151 a kezelt szem\u00e9lyes adatokat az al\u00e1bbi c\u00e9lokkal kezeli:\n<ol>\n<li>Adatkezel\u0151 internetes id\u0151pontfoglal\u00f3 alkalmaz\u00e1st \u00fczemeltet, melyben a\u00a0 szem\u00e9lyes adatok k\u00f6r\u00e9t abb\u00f3l a c\u00e9lb\u00f3l kezeli, hogy a szem\u00e9lyes tal\u00e1lkoz\u00f3k, ker\u00e9kp\u00e1r szervizel\u00e9sek szervez\u00e9s\u00e9t lehet\u0151v\u00e9 tegye.<\/li>\n<\/ol>\n<\/li>\n<li>Az adatkezel\u00e9s terjedelme id\u0151ben az adatkezel\u00e9s c\u00e9ljainak fenn\u00e1ll\u00e1s\u00e1ig, illetve az adatkezel\u00e9s eseteib\u0151l ad\u00f3d\u00f3 hozz\u00e1j\u00e1rul\u00e1sok visszavon\u00e1s\u00e1ig, illetve a k\u00f6telezetts\u00e9gek teljes\u00edt\u00e9s\u00e9hez vagy a jogos \u00e9rdek \u00e9rv\u00e9nyre juttat\u00e1s\u00e1hoz sz\u00fcks\u00e9ges id\u0151 letelt\u00e9ig tart.<\/li>\n<li>Az adatkezel\u00e9s \u00e9rintettjei a kezelt adatokba betekint\u00e9si, helyesb\u00edt\u00e9si, kieg\u00e9sz\u00edt\u00e9si, t\u00f6rl\u00e9si, korl\u00e1toz\u00e1si, hordozhat\u00f3s\u00e1gi, illetve az adatkezel\u00e9ssel kapcsolatos tiltakoz\u00e1suk jogait az Adatv\u00e9delmi Tisztvisel\u0151 bevon\u00e1s\u00e1val gyakorolj\u00e1k.<\/li>\n<li>Amennyiben az adatkezel\u00e9s jogszer\u0171s\u00e9ge az \u00e9rintett hozz\u00e1j\u00e1rul\u00e1s\u00e1n alapszik, \u00fagy annak visszavon\u00e1s\u00e1t az <a href=\"mailto:ebikepont@gmail.com\">ebikepont@gmail.com<\/a> c\u00edmen kezdem\u00e9nyezheti.<\/li>\n<li>Az adatkezel\u00e9ssel kapcsolatos nyilatkozatok \u00e9rv\u00e9nyre juttat\u00e1s\u00e1hoz minden esetben az \u00e9rintett szem\u00e9ly\u00e9nek hitelt \u00e9rdeml\u0151 igazol\u00e1sa sz\u00fcks\u00e9ges.<\/li>\n<li>Adatkezel\u0151 automatiz\u00e1lt adatkezel\u00e9si gyakorlatot nem alkalmaz.<\/li>\n<\/ol>\n<p>Kelt. Balatonalm\u00e1di, 2022.07.20.<\/p>\n<p>[\/et_pb_text][\/et_pb_column][\/et_pb_row][\/et_pb_section]<\/p>\n","protected":false},"excerpt":{"rendered":"<p>Adatkezel\u00e9si szab\u00e1lyzat \u00c9rv\u00e9nyes: 2022.07.20-t\u0151l visszavon\u00e1sig mely a E-Bikepont Kft. (Sz\u00e9khely: 8220 Balatonalm\u00e1di, Arany J\u00e1nos utca 10. 1.em. 4., C\u00e9gjegyz\u00e9ksz\u00e1m: 19-09-522800, Ad\u00f3sz\u00e1m: 27752580-2-19) k\u00e9pviselet\u00e9ben elj\u00e1r T\u00f3th G\u00e1bor, c\u00e9gvezet\u0151, a tov\u00e1bbiakban Adatkezel\u0151) adatkezel\u00e9ssel kapcsolatos szab\u00e1lyoz\u00e1sait tartalmazza, \u00f6sszhangban az Eur\u00f3pai Uni\u00f3 \u00e1ltal\u00e1nos adatv\u00e9delmi rendelet\u00e9vel. Adatkezel\u0151 a szerz\u0151d\u00e9ses viszonyaiban r\u00f6gz\u00edtett tev\u00e9kenys\u00e9ge alapj\u00e1n rendszeresen keletkez\u0151 szem\u00e9lyes adatok tekintet\u00e9ben adatokat kezel. Az adatkezel\u00e9sre az al\u00e1bbi esetekben ker\u00fcl sor: az \u00e9rintett szem\u00e9ly kifejezett hozz\u00e1j\u00e1rul\u00e1sa alapj\u00e1n az Adatkezel\u0151 jogos \u00e9rdek\u00e9b\u0151l k\u00f6vetkez\u0151en, mely alatt Adatkezel\u0151 szerz\u0151d\u00e9ses k\u00f6telezetts\u00e9geinek teljes\u00edt\u00e9s\u00e9hez sz\u00fcks\u00e9ges m\u00e9rt\u00e9k\u0171 adatkezel\u00e9st kell \u00e9rteni jogszab\u00e1lyban meghat\u00e1rozott, az Adatkezel\u0151re r\u00f3tt k\u00f6telezetts\u00e9g teljes\u00edt\u00e9se v\u00e9gett. Az Adatkezel\u0151 \u00e1ltal kezelt szem\u00e9lyes adatok k\u00f6re: szem\u00e9lyn\u00e9v, telefonsz\u00e1m, az internetprotokoll-c\u00edm az elektronikus levelez\u00e9si c\u00edm Adatkezel\u0151 az adatok kezel\u00e9s\u00e9nek fel\u00fcgyelet\u00e9re kijel\u00f6lt Adatv\u00e9delmi Tisztvisel\u0151je T\u00f3th G\u00e1bor c\u00e9gvezet\u0151, elektronikus levelez\u00e9si el\u00e9rhet\u0151s\u00e9ge ebikepont@gmail.com . Adatkezel\u0151 a kezelt adatokat m\u00e1s v\u00e1llalkoz\u00e1sok sz\u00e1m\u00e1ra sem az Eur\u00f3pai Uni\u00f3n bel\u00fcl, sem harmadik orsz\u00e1g r\u00e9sz\u00e9re nem tov\u00e1bb\u00edtja. Adatkezel\u0151 a kezelt szem\u00e9lyes adatokat az al\u00e1bbi c\u00e9lokkal kezeli: Adatkezel\u0151 internetes id\u0151pontfoglal\u00f3 alkalmaz\u00e1st \u00fczemeltet, melyben a\u00a0 szem\u00e9lyes adatok k\u00f6r\u00e9t abb\u00f3l a c\u00e9lb\u00f3l kezeli, hogy a szem\u00e9lyes tal\u00e1lkoz\u00f3k, ker\u00e9kp\u00e1r szervizel\u00e9sek szervez\u00e9s\u00e9t lehet\u0151v\u00e9 tegye. Az adatkezel\u00e9s terjedelme id\u0151ben az adatkezel\u00e9s c\u00e9ljainak fenn\u00e1ll\u00e1s\u00e1ig, illetve az adatkezel\u00e9s eseteib\u0151l ad\u00f3d\u00f3 hozz\u00e1j\u00e1rul\u00e1sok visszavon\u00e1s\u00e1ig, illetve a k\u00f6telezetts\u00e9gek teljes\u00edt\u00e9s\u00e9hez vagy a jogos \u00e9rdek \u00e9rv\u00e9nyre juttat\u00e1s\u00e1hoz sz\u00fcks\u00e9ges id\u0151 [&hellip;]<\/p>\n","protected":false},"author":1,"featured_media":0,"parent":0,"menu_order":0,"comment_status":"closed","ping_status":"closed","template":"","meta":{"_et_pb_use_builder":"on","_et_pb_old_content":"","_et_gb_content_width":"","inline_featured_image":false,"footnotes":""},"class_list":["post-3058","page","type-page","status-publish","hentry"],"yoast_head":"<!-- This site is optimized with the Yoast SEO Premium plugin v25.3.1 (Yoast SEO v27.5) - https:\/\/yoast.com\/product\/yoast-seo-premium-wordpress\/ -->\n<title>Adatkezel\u00e9si szab\u00e1lyzat - E-bikepont<\/title>\n<meta name=\"description\" content=\"Adatkezel\u00e9si szab\u00e1lyzat\" \/>\n<meta name=\"robots\" content=\"index, follow, max-snippet:-1, max-image-preview:large, max-video-preview:-1\" \/>\n<link rel=\"canonical\" href=\"https:\/\/ebikedoki.hu\/en\/adatkezelesi-szabalyzat\/\" \/>\n<meta property=\"og:locale\" content=\"en_US\" \/>\n<meta property=\"og:type\" content=\"article\" \/>\n<meta property=\"og:title\" content=\"Adatkezel\u00e9si szab\u00e1lyzat\" \/>\n<meta property=\"og:description\" content=\"Adatkezel\u00e9si szab\u00e1lyzat\" \/>\n<meta property=\"og:url\" content=\"https:\/\/ebikedoki.hu\/en\/adatkezelesi-szabalyzat\/\" \/>\n<meta property=\"og:site_name\" content=\"E-bikepont\" \/>\n<meta property=\"article:publisher\" content=\"https:\/\/www.facebook.com\/ebikepont\" \/>\n<meta property=\"article:modified_time\" content=\"2022-07-20T11:38:21+00:00\" \/>\n<meta name=\"twitter:card\" content=\"summary_large_image\" \/>\n<meta name=\"twitter:label1\" content=\"Est. reading time\" \/>\n\t<meta name=\"twitter:data1\" content=\"3 minutes\" \/>\n<script type=\"application\/ld+json\" class=\"yoast-schema-graph\">{\"@context\":\"https:\\\/\\\/schema.org\",\"@graph\":[{\"@type\":\"WebPage\",\"@id\":\"https:\\\/\\\/ebikedoki.hu\\\/adatkezelesi-szabalyzat\\\/\",\"url\":\"https:\\\/\\\/ebikedoki.hu\\\/adatkezelesi-szabalyzat\\\/\",\"name\":\"Adatkezel\u00e9si szab\u00e1lyzat - E-bikepont\",\"isPartOf\":{\"@id\":\"https:\\\/\\\/ebikedoki.hu\\\/#website\"},\"datePublished\":\"2021-09-07T06:48:04+00:00\",\"dateModified\":\"2022-07-20T11:38:21+00:00\",\"description\":\"Adatkezel\u00e9si szab\u00e1lyzat\",\"breadcrumb\":{\"@id\":\"https:\\\/\\\/ebikedoki.hu\\\/adatkezelesi-szabalyzat\\\/#breadcrumb\"},\"inLanguage\":\"en-US\",\"potentialAction\":[{\"@type\":\"ReadAction\",\"target\":[\"https:\\\/\\\/ebikedoki.hu\\\/adatkezelesi-szabalyzat\\\/\"]}]},{\"@type\":\"BreadcrumbList\",\"@id\":\"https:\\\/\\\/ebikedoki.hu\\\/adatkezelesi-szabalyzat\\\/#breadcrumb\",\"itemListElement\":[{\"@type\":\"ListItem\",\"position\":1,\"name\":\"Home\",\"item\":\"https:\\\/\\\/ebikedoki.hu\\\/\"},{\"@type\":\"ListItem\",\"position\":2,\"name\":\"Adatkezel\u00e9si szab\u00e1lyzat\"}]},{\"@type\":\"WebSite\",\"@id\":\"https:\\\/\\\/ebikedoki.hu\\\/#website\",\"url\":\"https:\\\/\\\/ebikedoki.hu\\\/\",\"name\":\"E-bikepont\",\"description\":\"Balatonalm\u00e1di hagyom\u00e1nyos \u00e9s ebike szerv\u00edz\",\"publisher\":{\"@id\":\"https:\\\/\\\/ebikedoki.hu\\\/#organization\"},\"potentialAction\":[{\"@type\":\"SearchAction\",\"target\":{\"@type\":\"EntryPoint\",\"urlTemplate\":\"https:\\\/\\\/ebikedoki.hu\\\/?s={search_term_string}\"},\"query-input\":{\"@type\":\"PropertyValueSpecification\",\"valueRequired\":true,\"valueName\":\"search_term_string\"}}],\"inLanguage\":\"en-US\"},{\"@type\":\"Organization\",\"@id\":\"https:\\\/\\\/ebikedoki.hu\\\/#organization\",\"name\":\"Ebikepont\",\"url\":\"https:\\\/\\\/ebikedoki.hu\\\/\",\"logo\":{\"@type\":\"ImageObject\",\"inLanguage\":\"en-US\",\"@id\":\"https:\\\/\\\/ebikedoki.hu\\\/#\\\/schema\\\/logo\\\/image\\\/\",\"url\":\"https:\\\/\\\/ebikedoki.hu\\\/wp-content\\\/uploads\\\/2022\\\/06\\\/logo05.png\",\"contentUrl\":\"https:\\\/\\\/ebikedoki.hu\\\/wp-content\\\/uploads\\\/2022\\\/06\\\/logo05.png\",\"width\":2912,\"height\":610,\"caption\":\"Ebikepont\"},\"image\":{\"@id\":\"https:\\\/\\\/ebikedoki.hu\\\/#\\\/schema\\\/logo\\\/image\\\/\"},\"sameAs\":[\"https:\\\/\\\/www.facebook.com\\\/ebikepont\"]}]}<\/script>\n<!-- \/ Yoast SEO Premium plugin. -->","yoast_head_json":{"title":"Adatkezel\u00e9si szab\u00e1lyzat - E-bikepont","description":"Privacy Policy","robots":{"index":"index","follow":"follow","max-snippet":"max-snippet:-1","max-image-preview":"max-image-preview:large","max-video-preview":"max-video-preview:-1"},"canonical":"https:\/\/ebikedoki.hu\/en\/adatkezelesi-szabalyzat\/","og_locale":"en_US","og_type":"article","og_title":"Adatkezel\u00e9si szab\u00e1lyzat","og_description":"Adatkezel\u00e9si szab\u00e1lyzat","og_url":"https:\/\/ebikedoki.hu\/en\/adatkezelesi-szabalyzat\/","og_site_name":"E-bikepont","article_publisher":"https:\/\/www.facebook.com\/ebikepont","article_modified_time":"2022-07-20T11:38:21+00:00","twitter_card":"summary_large_image","twitter_misc":{"Est. reading time":"3 minutes"},"schema":{"@context":"https:\/\/schema.org","@graph":[{"@type":"WebPage","@id":"https:\/\/ebikedoki.hu\/adatkezelesi-szabalyzat\/","url":"https:\/\/ebikedoki.hu\/adatkezelesi-szabalyzat\/","name":"Adatkezel\u00e9si szab\u00e1lyzat - E-bikepont","isPartOf":{"@id":"https:\/\/ebikedoki.hu\/#website"},"datePublished":"2021-09-07T06:48:04+00:00","dateModified":"2022-07-20T11:38:21+00:00","description":"Privacy Policy","breadcrumb":{"@id":"https:\/\/ebikedoki.hu\/adatkezelesi-szabalyzat\/#breadcrumb"},"inLanguage":"en-US","potentialAction":[{"@type":"ReadAction","target":["https:\/\/ebikedoki.hu\/adatkezelesi-szabalyzat\/"]}]},{"@type":"BreadcrumbList","@id":"https:\/\/ebikedoki.hu\/adatkezelesi-szabalyzat\/#breadcrumb","itemListElement":[{"@type":"ListItem","position":1,"name":"Home","item":"https:\/\/ebikedoki.hu\/"},{"@type":"ListItem","position":2,"name":"Adatkezel\u00e9si szab\u00e1lyzat"}]},{"@type":"WebSite","@id":"https:\/\/ebikedoki.hu\/#website","url":"https:\/\/ebikedoki.hu\/","name":"E-bikepont","description":"Balatonalm\u00e1di hagyom\u00e1nyos \u00e9s ebike szerv\u00edz","publisher":{"@id":"https:\/\/ebikedoki.hu\/#organization"},"potentialAction":[{"@type":"SearchAction","target":{"@type":"EntryPoint","urlTemplate":"https:\/\/ebikedoki.hu\/?s={search_term_string}"},"query-input":{"@type":"PropertyValueSpecification","valueRequired":true,"valueName":"search_term_string"}}],"inLanguage":"en-US"},{"@type":"Organization","@id":"https:\/\/ebikedoki.hu\/#organization","name":"Ebikepont","url":"https:\/\/ebikedoki.hu\/","logo":{"@type":"ImageObject","inLanguage":"en-US","@id":"https:\/\/ebikedoki.hu\/#\/schema\/logo\/image\/","url":"https:\/\/ebikedoki.hu\/wp-content\/uploads\/2022\/06\/logo05.png","contentUrl":"https:\/\/ebikedoki.hu\/wp-content\/uploads\/2022\/06\/logo05.png","width":2912,"height":610,"caption":"Ebikepont"},"image":{"@id":"https:\/\/ebikedoki.hu\/#\/schema\/logo\/image\/"},"sameAs":["https:\/\/www.facebook.com\/ebikepont"]}]}},"_links":{"self":[{"href":"https:\/\/ebikedoki.hu\/en\/wp-json\/wp\/v2\/pages\/3058","targetHints":{"allow":["GET"]}}],"collection":[{"href":"https:\/\/ebikedoki.hu\/en\/wp-json\/wp\/v2\/pages"}],"about":[{"href":"https:\/\/ebikedoki.hu\/en\/wp-json\/wp\/v2\/types\/page"}],"author":[{"embeddable":true,"href":"https:\/\/ebikedoki.hu\/en\/wp-json\/wp\/v2\/users\/1"}],"replies":[{"embeddable":true,"href":"https:\/\/ebikedoki.hu\/en\/wp-json\/wp\/v2\/comments?post=3058"}],"version-history":[{"count":0,"href":"https:\/\/ebikedoki.hu\/en\/wp-json\/wp\/v2\/pages\/3058\/revisions"}],"wp:attachment":[{"href":"https:\/\/ebikedoki.hu\/en\/wp-json\/wp\/v2\/media?parent=3058"}],"curies":[{"name":"wp","href":"https:\/\/api.w.org\/{rel}","templated":true}]}}