{"id":2850,"date":"2021-08-26T01:19:31","date_gmt":"2021-08-26T01:19:31","guid":{"rendered":"https:\/\/ebikedoki.hu\/?page_id=2850"},"modified":"2022-07-20T11:42:28","modified_gmt":"2022-07-20T11:42:28","slug":"foglalas_ok","status":"publish","type":"page","link":"https:\/\/ebikedoki.hu\/en\/foglalas_ok\/","title":{"rendered":"K\u00f6sz\u00f6nj\u00fck!"},"content":{"rendered":"<p>[et_pb_section fb_built=&#8221;1&#8243; _builder_version=&#8221;4.16&#8243; _module_preset=&#8221;default&#8221; global_colors_info=&#8221;{}&#8221;][et_pb_row _builder_version=&#8221;4.16&#8243; _module_preset=&#8221;default&#8221; global_colors_info=&#8221;{}&#8221;][et_pb_column type=&#8221;4_4&#8243; _builder_version=&#8221;4.16&#8243; _module_preset=&#8221;default&#8221; global_colors_info=&#8221;{}&#8221;][et_pb_text _builder_version=&#8221;4.17.6&#8243; _module_preset=&#8221;default&#8221; hover_enabled=&#8221;0&#8243; global_colors_info=&#8221;{}&#8221; sticky_enabled=&#8221;0&#8243;]<\/p>\n<h1>K\u00f6sz\u00f6n\u00f6m foglal\u00e1s\u00e1t!<\/h1>\n<h1>\u00a0<\/h1>\n<p>Ha a lefoglalt id\u0151pont m\u00e9gsem j\u00f3, k\u00e9rem, h\u00edvjon telefonon a 06309770702 sz\u00e1mon.<\/p>\n<p>\u00dcdv\u00f6zlettel, E-Bikepont szerviz<\/p>\n<p>[\/et_pb_text][\/et_pb_column][\/et_pb_row][\/et_pb_section]<\/p>\n","protected":false},"excerpt":{"rendered":"<p>K\u00f6sz\u00f6n\u00f6m foglal\u00e1s\u00e1t! \u00a0 Ha a lefoglalt id\u0151pont m\u00e9gsem j\u00f3, k\u00e9rem, h\u00edvjon telefonon a 06309770702 sz\u00e1mon. \u00dcdv\u00f6zlettel, E-Bikepont szerviz<\/p>","protected":false},"author":1,"featured_media":0,"parent":0,"menu_order":0,"comment_status":"closed","ping_status":"closed","template":"","meta":{"_et_pb_use_builder":"on","_et_pb_old_content":"","_et_gb_content_width":"","inline_featured_image":false,"footnotes":""},"class_list":["post-2850","page","type-page","status-publish","hentry"],"yoast_head":"<!-- This site is optimized with the Yoast SEO Premium plugin v25.3.1 (Yoast SEO v27.5) - https:\/\/yoast.com\/product\/yoast-seo-premium-wordpress\/ -->\n<title>K\u00f6sz\u00f6nj\u00fck! - E-bikepont<\/title>\n<meta name=\"description\" content=\"K\u00f6sz\u00f6nj\u00fck!\" \/>\n<meta name=\"robots\" content=\"index, follow, max-snippet:-1, max-image-preview:large, max-video-preview:-1\" \/>\n<link rel=\"canonical\" href=\"https:\/\/ebikedoki.hu\/en\/foglalas_ok\/\" \/>\n<meta property=\"og:locale\" content=\"en_US\" \/>\n<meta property=\"og:type\" content=\"article\" \/>\n<meta property=\"og:title\" content=\"K\u00f6sz\u00f6nj\u00fck!\" \/>\n<meta property=\"og:description\" content=\"K\u00f6sz\u00f6nj\u00fck!\" \/>\n<meta property=\"og:url\" content=\"https:\/\/ebikedoki.hu\/en\/foglalas_ok\/\" \/>\n<meta property=\"og:site_name\" content=\"E-bikepont\" \/>\n<meta property=\"article:publisher\" content=\"https:\/\/www.facebook.com\/ebikepont\" \/>\n<meta property=\"article:modified_time\" content=\"2022-07-20T11:42:28+00:00\" \/>\n<meta name=\"twitter:card\" content=\"summary_large_image\" \/>\n<script type=\"application\/ld+json\" class=\"yoast-schema-graph\">{\"@context\":\"https:\\\/\\\/schema.org\",\"@graph\":[{\"@type\":\"WebPage\",\"@id\":\"https:\\\/\\\/ebikedoki.hu\\\/foglalas_ok\\\/\",\"url\":\"https:\\\/\\\/ebikedoki.hu\\\/foglalas_ok\\\/\",\"name\":\"K\u00f6sz\u00f6nj\u00fck! - E-bikepont\",\"isPartOf\":{\"@id\":\"https:\\\/\\\/ebikedoki.hu\\\/#website\"},\"datePublished\":\"2021-08-26T01:19:31+00:00\",\"dateModified\":\"2022-07-20T11:42:28+00:00\",\"description\":\"K\u00f6sz\u00f6nj\u00fck!\",\"breadcrumb\":{\"@id\":\"https:\\\/\\\/ebikedoki.hu\\\/foglalas_ok\\\/#breadcrumb\"},\"inLanguage\":\"en-US\",\"potentialAction\":[{\"@type\":\"ReadAction\",\"target\":[\"https:\\\/\\\/ebikedoki.hu\\\/foglalas_ok\\\/\"]}]},{\"@type\":\"BreadcrumbList\",\"@id\":\"https:\\\/\\\/ebikedoki.hu\\\/foglalas_ok\\\/#breadcrumb\",\"itemListElement\":[{\"@type\":\"ListItem\",\"position\":1,\"name\":\"Home\",\"item\":\"https:\\\/\\\/ebikedoki.hu\\\/\"},{\"@type\":\"ListItem\",\"position\":2,\"name\":\"K\u00f6sz\u00f6nj\u00fck!\"}]},{\"@type\":\"WebSite\",\"@id\":\"https:\\\/\\\/ebikedoki.hu\\\/#website\",\"url\":\"https:\\\/\\\/ebikedoki.hu\\\/\",\"name\":\"E-bikepont\",\"description\":\"Balatonalm\u00e1di hagyom\u00e1nyos \u00e9s ebike szerv\u00edz\",\"publisher\":{\"@id\":\"https:\\\/\\\/ebikedoki.hu\\\/#organization\"},\"potentialAction\":[{\"@type\":\"SearchAction\",\"target\":{\"@type\":\"EntryPoint\",\"urlTemplate\":\"https:\\\/\\\/ebikedoki.hu\\\/?s={search_term_string}\"},\"query-input\":{\"@type\":\"PropertyValueSpecification\",\"valueRequired\":true,\"valueName\":\"search_term_string\"}}],\"inLanguage\":\"en-US\"},{\"@type\":\"Organization\",\"@id\":\"https:\\\/\\\/ebikedoki.hu\\\/#organization\",\"name\":\"Ebikepont\",\"url\":\"https:\\\/\\\/ebikedoki.hu\\\/\",\"logo\":{\"@type\":\"ImageObject\",\"inLanguage\":\"en-US\",\"@id\":\"https:\\\/\\\/ebikedoki.hu\\\/#\\\/schema\\\/logo\\\/image\\\/\",\"url\":\"https:\\\/\\\/ebikedoki.hu\\\/wp-content\\\/uploads\\\/2022\\\/06\\\/logo05.png\",\"contentUrl\":\"https:\\\/\\\/ebikedoki.hu\\\/wp-content\\\/uploads\\\/2022\\\/06\\\/logo05.png\",\"width\":2912,\"height\":610,\"caption\":\"Ebikepont\"},\"image\":{\"@id\":\"https:\\\/\\\/ebikedoki.hu\\\/#\\\/schema\\\/logo\\\/image\\\/\"},\"sameAs\":[\"https:\\\/\\\/www.facebook.com\\\/ebikepont\"]}]}<\/script>\n<!-- \/ Yoast SEO Premium plugin. -->","yoast_head_json":{"title":"K\u00f6sz\u00f6nj\u00fck! - E-bikepont","description":"K\u00f6sz\u00f6nj\u00fck!","robots":{"index":"index","follow":"follow","max-snippet":"max-snippet:-1","max-image-preview":"max-image-preview:large","max-video-preview":"max-video-preview:-1"},"canonical":"https:\/\/ebikedoki.hu\/en\/foglalas_ok\/","og_locale":"en_US","og_type":"article","og_title":"K\u00f6sz\u00f6nj\u00fck!","og_description":"K\u00f6sz\u00f6nj\u00fck!","og_url":"https:\/\/ebikedoki.hu\/en\/foglalas_ok\/","og_site_name":"E-bikepont","article_publisher":"https:\/\/www.facebook.com\/ebikepont","article_modified_time":"2022-07-20T11:42:28+00:00","twitter_card":"summary_large_image","schema":{"@context":"https:\/\/schema.org","@graph":[{"@type":"WebPage","@id":"https:\/\/ebikedoki.hu\/foglalas_ok\/","url":"https:\/\/ebikedoki.hu\/foglalas_ok\/","name":"K\u00f6sz\u00f6nj\u00fck! - E-bikepont","isPartOf":{"@id":"https:\/\/ebikedoki.hu\/#website"},"datePublished":"2021-08-26T01:19:31+00:00","dateModified":"2022-07-20T11:42:28+00:00","description":"K\u00f6sz\u00f6nj\u00fck!","breadcrumb":{"@id":"https:\/\/ebikedoki.hu\/foglalas_ok\/#breadcrumb"},"inLanguage":"en-US","potentialAction":[{"@type":"ReadAction","target":["https:\/\/ebikedoki.hu\/foglalas_ok\/"]}]},{"@type":"BreadcrumbList","@id":"https:\/\/ebikedoki.hu\/foglalas_ok\/#breadcrumb","itemListElement":[{"@type":"ListItem","position":1,"name":"Home","item":"https:\/\/ebikedoki.hu\/"},{"@type":"ListItem","position":2,"name":"K\u00f6sz\u00f6nj\u00fck!"}]},{"@type":"WebSite","@id":"https:\/\/ebikedoki.hu\/#website","url":"https:\/\/ebikedoki.hu\/","name":"E-bikepont","description":"Balatonalm\u00e1di hagyom\u00e1nyos \u00e9s ebike szerv\u00edz","publisher":{"@id":"https:\/\/ebikedoki.hu\/#organization"},"potentialAction":[{"@type":"SearchAction","target":{"@type":"EntryPoint","urlTemplate":"https:\/\/ebikedoki.hu\/?s={search_term_string}"},"query-input":{"@type":"PropertyValueSpecification","valueRequired":true,"valueName":"search_term_string"}}],"inLanguage":"en-US"},{"@type":"Organization","@id":"https:\/\/ebikedoki.hu\/#organization","name":"Ebikepont","url":"https:\/\/ebikedoki.hu\/","logo":{"@type":"ImageObject","inLanguage":"en-US","@id":"https:\/\/ebikedoki.hu\/#\/schema\/logo\/image\/","url":"https:\/\/ebikedoki.hu\/wp-content\/uploads\/2022\/06\/logo05.png","contentUrl":"https:\/\/ebikedoki.hu\/wp-content\/uploads\/2022\/06\/logo05.png","width":2912,"height":610,"caption":"Ebikepont"},"image":{"@id":"https:\/\/ebikedoki.hu\/#\/schema\/logo\/image\/"},"sameAs":["https:\/\/www.facebook.com\/ebikepont"]}]}},"_links":{"self":[{"href":"https:\/\/ebikedoki.hu\/en\/wp-json\/wp\/v2\/pages\/2850","targetHints":{"allow":["GET"]}}],"collection":[{"href":"https:\/\/ebikedoki.hu\/en\/wp-json\/wp\/v2\/pages"}],"about":[{"href":"https:\/\/ebikedoki.hu\/en\/wp-json\/wp\/v2\/types\/page"}],"author":[{"embeddable":true,"href":"https:\/\/ebikedoki.hu\/en\/wp-json\/wp\/v2\/users\/1"}],"replies":[{"embeddable":true,"href":"https:\/\/ebikedoki.hu\/en\/wp-json\/wp\/v2\/comments?post=2850"}],"version-history":[{"count":0,"href":"https:\/\/ebikedoki.hu\/en\/wp-json\/wp\/v2\/pages\/2850\/revisions"}],"wp:attachment":[{"href":"https:\/\/ebikedoki.hu\/en\/wp-json\/wp\/v2\/media?parent=2850"}],"curies":[{"name":"wp","href":"https:\/\/api.w.org\/{rel}","templated":true}]}}